{"id":513,"date":"2023-01-20T05:57:32","date_gmt":"2023-01-20T05:57:32","guid":{"rendered":"https:\/\/bodhina.com\/que-llevar-cuando-vaya-a-la-sauna\/"},"modified":"2023-04-24T05:56:30","modified_gmt":"2023-04-24T05:56:30","slug":"que-llevar-cuando-vaya-a-la-sauna","status":"publish","type":"page","link":"https:\/\/bodhina.com\/es\/que-llevar-cuando-vaya-a-la-sauna\/","title":{"rendered":"Qu\u00e9 llevar cuando vaya a la sauna."},"content":{"rendered":"\t\t<div data-elementor-type=\"wp-page\" data-elementor-id=\"513\" class=\"elementor elementor-513 elementor-61\" data-elementor-post-type=\"page\">\n\t\t\t\t\t\t<section class=\"elementor-section elementor-top-section elementor-element elementor-element-8f1296c elementor-section-height-min-height elementor-section-boxed elementor-section-height-default elementor-section-items-middle\" data-id=\"8f1296c\" data-element_type=\"section\" data-e-type=\"section\" data-settings=\"{&quot;background_background&quot;:&quot;classic&quot;,&quot;jet_parallax_layout_list&quot;:[]}\">\n\t\t\t\t\t\t\t<div class=\"elementor-background-overlay\"><\/div>\n\t\t\t\t\t\t\t<div class=\"elementor-container elementor-column-gap-default\">\n\t\t\t\t\t<div class=\"elementor-column elementor-col-100 elementor-top-column elementor-element elementor-element-6458667\" data-id=\"6458667\" data-element_type=\"column\" data-e-type=\"column\">\n\t\t\t<div class=\"elementor-widget-wrap elementor-element-populated\">\n\t\t\t\t\t\t<div class=\"elementor-element elementor-element-8939b4c elementor-invisible elementor-widget elementor-widget-heading\" data-id=\"8939b4c\" data-element_type=\"widget\" data-e-type=\"widget\" data-settings=\"{&quot;_animation&quot;:&quot;fadeInDown&quot;}\" data-widget_type=\"heading.default\">\n\t\t\t\t<div class=\"elementor-widget-container\">\n\t\t\t\t\t<span class=\"elementor-heading-title elementor-size-default\">Wellness Bodhina<\/span>\t\t\t\t<\/div>\n\t\t\t\t<\/div>\n\t\t\t\t<div class=\"elementor-element elementor-element-0dbbb1c animated-slow elementor-invisible elementor-widget elementor-widget-heading\" data-id=\"0dbbb1c\" data-element_type=\"widget\" data-e-type=\"widget\" data-settings=\"{&quot;_animation&quot;:&quot;fadeIn&quot;,&quot;_animation_delay&quot;:300}\" data-widget_type=\"heading.default\">\n\t\t\t\t<div class=\"elementor-widget-container\">\n\t\t\t\t\t<h1 class=\"elementor-heading-title elementor-size-default\">Qu\u00e9 llevar cuando vaya a la sauna.<\/h1>\t\t\t\t<\/div>\n\t\t\t\t<\/div>\n\t\t\t\t\t<\/div>\n\t\t<\/div>\n\t\t\t\t\t<\/div>\n\t\t<\/section>\n\t\t\t\t<section class=\"elementor-section elementor-top-section elementor-element elementor-element-98c45c6 elementor-reverse-mobile elementor-reverse-tablet elementor-section-boxed elementor-section-height-default elementor-section-height-default elementor-invisible\" data-id=\"98c45c6\" data-element_type=\"section\" data-e-type=\"section\" data-settings=\"{&quot;background_background&quot;:&quot;classic&quot;,&quot;animation&quot;:&quot;fadeIn&quot;,&quot;animation_delay&quot;:300,&quot;jet_parallax_layout_list&quot;:[]}\">\n\t\t\t\t\t\t\t<div class=\"elementor-background-overlay\"><\/div>\n\t\t\t\t\t\t\t<div class=\"elementor-container elementor-column-gap-default\">\n\t\t\t\t\t<div class=\"elementor-column elementor-col-50 elementor-top-column elementor-element elementor-element-5b38bbe\" data-id=\"5b38bbe\" data-element_type=\"column\" data-e-type=\"column\">\n\t\t\t<div class=\"elementor-widget-wrap elementor-element-populated\">\n\t\t\t\t\t\t<div class=\"elementor-element elementor-element-dfa8dc3 elementor-widget elementor-widget-image\" data-id=\"dfa8dc3\" data-element_type=\"widget\" data-e-type=\"widget\" data-widget_type=\"image.default\">\n\t\t\t\t<div class=\"elementor-widget-container\">\n\t\t\t\t\t\t\t\t\t\t\t\t\t\t\t<img fetchpriority=\"high\" decoding=\"async\" width=\"683\" height=\"1024\" src=\"https:\/\/bodhina.com\/wp-content\/uploads\/2023\/01\/Bodyna-Wellness-1-683x1024.jpg\" class=\"attachment-large size-large wp-image-486\" alt=\"\" srcset=\"https:\/\/bodhina.com\/wp-content\/uploads\/2023\/01\/Bodyna-Wellness-1-683x1024.jpg 683w, https:\/\/bodhina.com\/wp-content\/uploads\/2023\/01\/Bodyna-Wellness-1-600x900.jpg 600w, https:\/\/bodhina.com\/wp-content\/uploads\/2023\/01\/Bodyna-Wellness-1-200x300.jpg 200w, https:\/\/bodhina.com\/wp-content\/uploads\/2023\/01\/Bodyna-Wellness-1-768x1152.jpg 768w, https:\/\/bodhina.com\/wp-content\/uploads\/2023\/01\/Bodyna-Wellness-1-1024x1536.jpg 1024w, https:\/\/bodhina.com\/wp-content\/uploads\/2023\/01\/Bodyna-Wellness-1.jpg 1200w\" sizes=\"(max-width: 683px) 100vw, 683px\" \/>\t\t\t\t\t\t\t\t\t\t\t\t\t\t\t<\/div>\n\t\t\t\t<\/div>\n\t\t\t\t\t<\/div>\n\t\t<\/div>\n\t\t\t\t<div class=\"elementor-column elementor-col-50 elementor-top-column elementor-element elementor-element-5877a7b\" data-id=\"5877a7b\" data-element_type=\"column\" data-e-type=\"column\">\n\t\t\t<div class=\"elementor-widget-wrap elementor-element-populated\">\n\t\t\t\t\t\t<div class=\"elementor-element elementor-element-faf50af elementor-widget elementor-widget-heading\" data-id=\"faf50af\" data-element_type=\"widget\" data-e-type=\"widget\" data-widget_type=\"heading.default\">\n\t\t\t\t<div class=\"elementor-widget-container\">\n\t\t\t\t\t<h2 class=\"elementor-heading-title elementor-size-default\">Albornoz, zapatillas y ...<\/h2>\t\t\t\t<\/div>\n\t\t\t\t<\/div>\n\t\t\t\t<div class=\"elementor-element elementor-element-c270ae2 elementor-widget elementor-widget-text-editor\" data-id=\"c270ae2\" data-element_type=\"widget\" data-e-type=\"widget\" data-widget_type=\"text-editor.default\">\n\t\t\t\t<div class=\"elementor-widget-container\">\n\t\t\t\t\t\t\t\t\t<p>Si va a visitar Wellness Bodhina, le resultar\u00e1 \u00fatil llevar algunas cosas. Tambi\u00e9n hay una serie de cosas que son obligatorias.<\/p>\n<p>Cuando entre en Wellness Bodhina y se haya registrado en la recepci\u00f3n nuestro personal le explicar\u00e1 algunas cosas m\u00e1s y le guiar\u00e1 por nuestro wellness.<\/p>\n\t\t\t\t\t\t\t\t<\/div>\n\t\t\t\t<\/div>\n\t\t\t\t<div class=\"elementor-element elementor-element-3d54326 elementor-widget elementor-widget-toggle\" data-id=\"3d54326\" data-element_type=\"widget\" data-e-type=\"widget\" data-widget_type=\"toggle.default\">\n\t\t\t\t<div class=\"elementor-widget-container\">\n\t\t\t\t\t\t\t<div class=\"elementor-toggle\">\n\t\t\t\t\t\t\t<div class=\"elementor-toggle-item\">\n\t\t\t\t\t<h3 id=\"elementor-tab-title-6431\" class=\"elementor-tab-title\" data-tab=\"1\" role=\"button\" aria-controls=\"elementor-tab-content-6431\" aria-expanded=\"false\">\n\t\t\t\t\t\t\t\t\t\t\t\t<span class=\"elementor-toggle-icon elementor-toggle-icon-right\" aria-hidden=\"true\">\n\t\t\t\t\t\t\t\t\t\t\t\t\t\t\t<span class=\"elementor-toggle-icon-closed\"><i class=\"fas fa-angle-down\"><\/i><\/span>\n\t\t\t\t\t\t\t\t<span class=\"elementor-toggle-icon-opened\"><i class=\"elementor-toggle-icon-opened fas fa-angle-up\"><\/i><\/span>\n\t\t\t\t\t\t\t\t\t\t\t\t\t<\/span>\n\t\t\t\t\t\t\t\t\t\t\t\t<a class=\"elementor-toggle-title\" tabindex=\"0\">Albornoz<\/a>\n\t\t\t\t\t<\/h3>\n\n\t\t\t\t\t<div id=\"elementor-tab-content-6431\" class=\"elementor-tab-content elementor-clearfix\" data-tab=\"1\" role=\"region\" aria-labelledby=\"elementor-tab-title-6431\"><p>El albornoz se lleva entre las sesiones de sauna y en la zona de descanso. En recepci\u00f3n podr\u00e1 alquilar un bonito y agradable albornoz. Por supuesto, tambi\u00e9n puede traer su propio albornoz.<\/p>\n<\/div>\n\t\t\t\t<\/div>\n\t\t\t\t\t\t\t<div class=\"elementor-toggle-item\">\n\t\t\t\t\t<h3 id=\"elementor-tab-title-6432\" class=\"elementor-tab-title\" data-tab=\"2\" role=\"button\" aria-controls=\"elementor-tab-content-6432\" aria-expanded=\"false\">\n\t\t\t\t\t\t\t\t\t\t\t\t<span class=\"elementor-toggle-icon elementor-toggle-icon-right\" aria-hidden=\"true\">\n\t\t\t\t\t\t\t\t\t\t\t\t\t\t\t<span class=\"elementor-toggle-icon-closed\"><i class=\"fas fa-angle-down\"><\/i><\/span>\n\t\t\t\t\t\t\t\t<span class=\"elementor-toggle-icon-opened\"><i class=\"elementor-toggle-icon-opened fas fa-angle-up\"><\/i><\/span>\n\t\t\t\t\t\t\t\t\t\t\t\t\t<\/span>\n\t\t\t\t\t\t\t\t\t\t\t\t<a class=\"elementor-toggle-title\" tabindex=\"0\">Zapatillas<\/a>\n\t\t\t\t\t<\/h3>\n\n\t\t\t\t\t<div id=\"elementor-tab-content-6432\" class=\"elementor-tab-content elementor-clearfix\" data-tab=\"2\" role=\"region\" aria-labelledby=\"elementor-tab-title-6432\"><p>El uso de zapatillas es obligatorio (fuera de las saunas y los ba\u00f1os) por razones de higiene y para evitar resbalarse. Puede alquilar zapatillas o traer las suyas propias.<\/p>\n<\/div>\n\t\t\t\t<\/div>\n\t\t\t\t\t\t\t<div class=\"elementor-toggle-item\">\n\t\t\t\t\t<h3 id=\"elementor-tab-title-6433\" class=\"elementor-tab-title\" data-tab=\"3\" role=\"button\" aria-controls=\"elementor-tab-content-6433\" aria-expanded=\"false\">\n\t\t\t\t\t\t\t\t\t\t\t\t<span class=\"elementor-toggle-icon elementor-toggle-icon-right\" aria-hidden=\"true\">\n\t\t\t\t\t\t\t\t\t\t\t\t\t\t\t<span class=\"elementor-toggle-icon-closed\"><i class=\"fas fa-angle-down\"><\/i><\/span>\n\t\t\t\t\t\t\t\t<span class=\"elementor-toggle-icon-opened\"><i class=\"elementor-toggle-icon-opened fas fa-angle-up\"><\/i><\/span>\n\t\t\t\t\t\t\t\t\t\t\t\t\t<\/span>\n\t\t\t\t\t\t\t\t\t\t\t\t<a class=\"elementor-toggle-title\" tabindex=\"0\">Toalla<\/a>\n\t\t\t\t\t<\/h3>\n\n\t\t\t\t\t<div id=\"elementor-tab-content-6433\" class=\"elementor-tab-content elementor-clearfix\" data-tab=\"3\" role=\"region\" aria-labelledby=\"elementor-tab-title-6433\"><p>Por supuesto, es importante llevar una toalla grande para tumbarse en las saunas. Tambi\u00e9n puede alquilarlas en recepci\u00f3n.<\/p>\n<\/div>\n\t\t\t\t<\/div>\n\t\t\t\t\t\t\t<div class=\"elementor-toggle-item\">\n\t\t\t\t\t<h3 id=\"elementor-tab-title-6434\" class=\"elementor-tab-title\" data-tab=\"4\" role=\"button\" aria-controls=\"elementor-tab-content-6434\" aria-expanded=\"false\">\n\t\t\t\t\t\t\t\t\t\t\t\t<span class=\"elementor-toggle-icon elementor-toggle-icon-right\" aria-hidden=\"true\">\n\t\t\t\t\t\t\t\t\t\t\t\t\t\t\t<span class=\"elementor-toggle-icon-closed\"><i class=\"fas fa-angle-down\"><\/i><\/span>\n\t\t\t\t\t\t\t\t<span class=\"elementor-toggle-icon-opened\"><i class=\"elementor-toggle-icon-opened fas fa-angle-up\"><\/i><\/span>\n\t\t\t\t\t\t\t\t\t\t\t\t\t<\/span>\n\t\t\t\t\t\t\t\t\t\t\t\t<a class=\"elementor-toggle-title\" tabindex=\"0\">Agua<\/a>\n\t\t\t\t\t<\/h3>\n\n\t\t\t\t\t<div id=\"elementor-tab-content-6434\" class=\"elementor-tab-content elementor-clearfix\" data-tab=\"4\" role=\"region\" aria-labelledby=\"elementor-tab-title-6434\"><p>Recomendamos beber mucha agua. Puede pedir botellas de agua en recepci\u00f3n.<\/p>\n<\/div>\n\t\t\t\t<\/div>\n\t\t\t\t\t\t\t<div class=\"elementor-toggle-item\">\n\t\t\t\t\t<h3 id=\"elementor-tab-title-6435\" class=\"elementor-tab-title\" data-tab=\"5\" role=\"button\" aria-controls=\"elementor-tab-content-6435\" aria-expanded=\"false\">\n\t\t\t\t\t\t\t\t\t\t\t\t<span class=\"elementor-toggle-icon elementor-toggle-icon-right\" aria-hidden=\"true\">\n\t\t\t\t\t\t\t\t\t\t\t\t\t\t\t<span class=\"elementor-toggle-icon-closed\"><i class=\"fas fa-angle-down\"><\/i><\/span>\n\t\t\t\t\t\t\t\t<span class=\"elementor-toggle-icon-opened\"><i class=\"elementor-toggle-icon-opened fas fa-angle-up\"><\/i><\/span>\n\t\t\t\t\t\t\t\t\t\t\t\t\t<\/span>\n\t\t\t\t\t\t\t\t\t\t\t\t<a class=\"elementor-toggle-title\" tabindex=\"0\">Revista, libro o e-reader<\/a>\n\t\t\t\t\t<\/h3>\n\n\t\t\t\t\t<div id=\"elementor-tab-content-6435\" class=\"elementor-tab-content elementor-clearfix\" data-tab=\"5\" role=\"region\" aria-labelledby=\"elementor-tab-title-6435\"><p>Puede traer una revista, un libro o un tel\u00e9fono. Nuestras salas de descanso ofrecen un lugar agradable para evadirse mientras lee.<\/p>\n<\/div>\n\t\t\t\t<\/div>\n\t\t\t\t\t\t\t\t<\/div>\n\t\t\t\t\t\t<\/div>\n\t\t\t\t<\/div>\n\t\t\t\t<div class=\"elementor-element elementor-element-46e0a67 elementor-widget elementor-widget-text-editor\" data-id=\"46e0a67\" data-element_type=\"widget\" data-e-type=\"widget\" data-widget_type=\"text-editor.default\">\n\t\t\t\t<div class=\"elementor-widget-container\">\n\t\t\t\t\t\t\t\t\t<p><span style=\"text-decoration: underline;\">El uso de trajes de ba\u00f1o no est\u00e1 permitido en nuestra sauna<\/span>. Por lo tanto, no es necesario traerlos. Si lleva puesto el ba\u00f1ador o la ropa interior, lo m\u00e1s probable es que alguien del personal le llame la atenci\u00f3n y tenga que quit\u00e1rselo.<\/p>\n\t\t\t\t\t\t\t\t<\/div>\n\t\t\t\t<\/div>\n\t\t\t\t\t<\/div>\n\t\t<\/div>\n\t\t\t\t\t<\/div>\n\t\t<\/section>\n\t\t\t\t<\/div>\n\t\t","protected":false},"excerpt":{"rendered":"<p>Wellness Bodhina Qu\u00e9 llevar cuando vaya a la sauna. Albornoz, zapatillas y &#8230; Si va a visitar Wellness Bodhina, le resultar\u00e1 \u00fatil llevar algunas cosas. Tambi\u00e9n hay una serie de cosas que son obligatorias. Cuando entre en Wellness Bodhina y se haya registrado en la recepci\u00f3n nuestro personal le explicar\u00e1 algunas cosas m\u00e1s y le [&hellip;]<\/p>\n","protected":false},"author":1,"featured_media":0,"parent":0,"menu_order":0,"comment_status":"closed","ping_status":"closed","template":"","meta":{"footnotes":""},"class_list":["post-513","page","type-page","status-publish","hentry"],"yoast_head":"<!-- This site is optimized with the Yoast SEO plugin v26.9 - https:\/\/yoast.com\/product\/yoast-seo-wordpress\/ -->\n<title>Qu\u00e9 llevar cuando vaya a la sauna. - Wellness Bodhina<\/title>\n<meta name=\"description\" content=\"Al visitar Wellness Bodhina, es \u00fatil llevar algunas cosas. Tambi\u00e9n hay una serie de cosas que son obligatorias.\" \/>\n<meta name=\"robots\" content=\"index, follow, max-snippet:-1, max-image-preview:large, max-video-preview:-1\" \/>\n<link rel=\"canonical\" href=\"https:\/\/bodhina.com\/es\/que-llevar-cuando-vaya-a-la-sauna\/\" \/>\n<meta property=\"og:locale\" content=\"es_ES\" \/>\n<meta property=\"og:type\" content=\"article\" \/>\n<meta property=\"og:title\" content=\"Qu\u00e9 llevar cuando vaya a la sauna. - Wellness Bodhina\" \/>\n<meta property=\"og:description\" content=\"Al visitar Wellness Bodhina, es \u00fatil llevar algunas cosas. Tambi\u00e9n hay una serie de cosas que son obligatorias.\" \/>\n<meta property=\"og:url\" content=\"https:\/\/bodhina.com\/es\/que-llevar-cuando-vaya-a-la-sauna\/\" \/>\n<meta property=\"og:site_name\" content=\"Wellness Bodhina\" \/>\n<meta property=\"article:publisher\" content=\"https:\/\/www.facebook.com\/casabodhimarbella\" \/>\n<meta property=\"article:modified_time\" content=\"2023-04-24T05:56:30+00:00\" \/>\n<meta property=\"og:image\" content=\"https:\/\/bodhina.com\/wp-content\/uploads\/2023\/01\/Bodyna-Wellness-1-683x1024.jpg\" \/>\n<meta name=\"twitter:card\" content=\"summary_large_image\" \/>\n<meta name=\"twitter:label1\" content=\"Tiempo de lectura\" \/>\n\t<meta name=\"twitter:data1\" content=\"1 minuto\" \/>\n<script type=\"application\/ld+json\" class=\"yoast-schema-graph\">{\"@context\":\"https:\/\/schema.org\",\"@graph\":[{\"@type\":\"WebPage\",\"@id\":\"https:\/\/bodhina.com\/es\/que-llevar-cuando-vaya-a-la-sauna\/\",\"url\":\"https:\/\/bodhina.com\/es\/que-llevar-cuando-vaya-a-la-sauna\/\",\"name\":\"Qu\u00e9 llevar cuando vaya a la sauna. - Wellness Bodhina\",\"isPartOf\":{\"@id\":\"https:\/\/bodhina.com\/es\/#website\"},\"primaryImageOfPage\":{\"@id\":\"https:\/\/bodhina.com\/es\/que-llevar-cuando-vaya-a-la-sauna\/#primaryimage\"},\"image\":{\"@id\":\"https:\/\/bodhina.com\/es\/que-llevar-cuando-vaya-a-la-sauna\/#primaryimage\"},\"thumbnailUrl\":\"https:\/\/bodhina.com\/wp-content\/uploads\/2023\/01\/Bodyna-Wellness-1-683x1024.jpg\",\"datePublished\":\"2023-01-20T05:57:32+00:00\",\"dateModified\":\"2023-04-24T05:56:30+00:00\",\"description\":\"Al visitar Wellness Bodhina, es \u00fatil llevar algunas cosas. Tambi\u00e9n hay una serie de cosas que son obligatorias.\",\"breadcrumb\":{\"@id\":\"https:\/\/bodhina.com\/es\/que-llevar-cuando-vaya-a-la-sauna\/#breadcrumb\"},\"inLanguage\":\"es\",\"potentialAction\":[{\"@type\":\"ReadAction\",\"target\":[\"https:\/\/bodhina.com\/es\/que-llevar-cuando-vaya-a-la-sauna\/\"]}]},{\"@type\":\"ImageObject\",\"inLanguage\":\"es\",\"@id\":\"https:\/\/bodhina.com\/es\/que-llevar-cuando-vaya-a-la-sauna\/#primaryimage\",\"url\":\"https:\/\/bodhina.com\/wp-content\/uploads\/2023\/01\/Bodyna-Wellness-1-683x1024.jpg\",\"contentUrl\":\"https:\/\/bodhina.com\/wp-content\/uploads\/2023\/01\/Bodyna-Wellness-1-683x1024.jpg\"},{\"@type\":\"BreadcrumbList\",\"@id\":\"https:\/\/bodhina.com\/es\/que-llevar-cuando-vaya-a-la-sauna\/#breadcrumb\",\"itemListElement\":[{\"@type\":\"ListItem\",\"position\":1,\"name\":\"Home\",\"item\":\"https:\/\/bodhina.com\/es\/\"},{\"@type\":\"ListItem\",\"position\":2,\"name\":\"Qu\u00e9 llevar cuando vaya a la sauna.\"}]},{\"@type\":\"WebSite\",\"@id\":\"https:\/\/bodhina.com\/es\/#website\",\"url\":\"https:\/\/bodhina.com\/es\/\",\"name\":\"Wellness Bodhina\",\"description\":\"En nog een WordPress website\",\"publisher\":{\"@id\":\"https:\/\/bodhina.com\/es\/#organization\"},\"potentialAction\":[{\"@type\":\"SearchAction\",\"target\":{\"@type\":\"EntryPoint\",\"urlTemplate\":\"https:\/\/bodhina.com\/es\/?s={search_term_string}\"},\"query-input\":{\"@type\":\"PropertyValueSpecification\",\"valueRequired\":true,\"valueName\":\"search_term_string\"}}],\"inLanguage\":\"es\"},{\"@type\":\"Organization\",\"@id\":\"https:\/\/bodhina.com\/es\/#organization\",\"name\":\"Wellness Bodhina\",\"url\":\"https:\/\/bodhina.com\/es\/\",\"logo\":{\"@type\":\"ImageObject\",\"inLanguage\":\"es\",\"@id\":\"https:\/\/bodhina.com\/es\/#\/schema\/logo\/image\/\",\"url\":\"https:\/\/bodhina.com\/wp-content\/uploads\/2022\/12\/logo_wellness_bodhina.png\",\"contentUrl\":\"https:\/\/bodhina.com\/wp-content\/uploads\/2022\/12\/logo_wellness_bodhina.png\",\"width\":1799,\"height\":874,\"caption\":\"Wellness Bodhina\"},\"image\":{\"@id\":\"https:\/\/bodhina.com\/es\/#\/schema\/logo\/image\/\"},\"sameAs\":[\"https:\/\/www.facebook.com\/casabodhimarbella\",\"https:\/\/www.instagram.com\/casabodhi_marbella\/\"]}]}<\/script>\n<!-- \/ Yoast SEO plugin. -->","yoast_head_json":{"title":"Qu\u00e9 llevar cuando vaya a la sauna. - Wellness Bodhina","description":"Al visitar Wellness Bodhina, es \u00fatil llevar algunas cosas. Tambi\u00e9n hay una serie de cosas que son obligatorias.","robots":{"index":"index","follow":"follow","max-snippet":"max-snippet:-1","max-image-preview":"max-image-preview:large","max-video-preview":"max-video-preview:-1"},"canonical":"https:\/\/bodhina.com\/es\/que-llevar-cuando-vaya-a-la-sauna\/","og_locale":"es_ES","og_type":"article","og_title":"Qu\u00e9 llevar cuando vaya a la sauna. - Wellness Bodhina","og_description":"Al visitar Wellness Bodhina, es \u00fatil llevar algunas cosas. Tambi\u00e9n hay una serie de cosas que son obligatorias.","og_url":"https:\/\/bodhina.com\/es\/que-llevar-cuando-vaya-a-la-sauna\/","og_site_name":"Wellness Bodhina","article_publisher":"https:\/\/www.facebook.com\/casabodhimarbella","article_modified_time":"2023-04-24T05:56:30+00:00","og_image":[{"url":"https:\/\/bodhina.com\/wp-content\/uploads\/2023\/01\/Bodyna-Wellness-1-683x1024.jpg","type":"","width":"","height":""}],"twitter_card":"summary_large_image","twitter_misc":{"Tiempo de lectura":"1 minuto"},"schema":{"@context":"https:\/\/schema.org","@graph":[{"@type":"WebPage","@id":"https:\/\/bodhina.com\/es\/que-llevar-cuando-vaya-a-la-sauna\/","url":"https:\/\/bodhina.com\/es\/que-llevar-cuando-vaya-a-la-sauna\/","name":"Qu\u00e9 llevar cuando vaya a la sauna. - Wellness Bodhina","isPartOf":{"@id":"https:\/\/bodhina.com\/es\/#website"},"primaryImageOfPage":{"@id":"https:\/\/bodhina.com\/es\/que-llevar-cuando-vaya-a-la-sauna\/#primaryimage"},"image":{"@id":"https:\/\/bodhina.com\/es\/que-llevar-cuando-vaya-a-la-sauna\/#primaryimage"},"thumbnailUrl":"https:\/\/bodhina.com\/wp-content\/uploads\/2023\/01\/Bodyna-Wellness-1-683x1024.jpg","datePublished":"2023-01-20T05:57:32+00:00","dateModified":"2023-04-24T05:56:30+00:00","description":"Al visitar Wellness Bodhina, es \u00fatil llevar algunas cosas. Tambi\u00e9n hay una serie de cosas que son obligatorias.","breadcrumb":{"@id":"https:\/\/bodhina.com\/es\/que-llevar-cuando-vaya-a-la-sauna\/#breadcrumb"},"inLanguage":"es","potentialAction":[{"@type":"ReadAction","target":["https:\/\/bodhina.com\/es\/que-llevar-cuando-vaya-a-la-sauna\/"]}]},{"@type":"ImageObject","inLanguage":"es","@id":"https:\/\/bodhina.com\/es\/que-llevar-cuando-vaya-a-la-sauna\/#primaryimage","url":"https:\/\/bodhina.com\/wp-content\/uploads\/2023\/01\/Bodyna-Wellness-1-683x1024.jpg","contentUrl":"https:\/\/bodhina.com\/wp-content\/uploads\/2023\/01\/Bodyna-Wellness-1-683x1024.jpg"},{"@type":"BreadcrumbList","@id":"https:\/\/bodhina.com\/es\/que-llevar-cuando-vaya-a-la-sauna\/#breadcrumb","itemListElement":[{"@type":"ListItem","position":1,"name":"Home","item":"https:\/\/bodhina.com\/es\/"},{"@type":"ListItem","position":2,"name":"Qu\u00e9 llevar cuando vaya a la sauna."}]},{"@type":"WebSite","@id":"https:\/\/bodhina.com\/es\/#website","url":"https:\/\/bodhina.com\/es\/","name":"Wellness Bodhina","description":"En nog een WordPress website","publisher":{"@id":"https:\/\/bodhina.com\/es\/#organization"},"potentialAction":[{"@type":"SearchAction","target":{"@type":"EntryPoint","urlTemplate":"https:\/\/bodhina.com\/es\/?s={search_term_string}"},"query-input":{"@type":"PropertyValueSpecification","valueRequired":true,"valueName":"search_term_string"}}],"inLanguage":"es"},{"@type":"Organization","@id":"https:\/\/bodhina.com\/es\/#organization","name":"Wellness Bodhina","url":"https:\/\/bodhina.com\/es\/","logo":{"@type":"ImageObject","inLanguage":"es","@id":"https:\/\/bodhina.com\/es\/#\/schema\/logo\/image\/","url":"https:\/\/bodhina.com\/wp-content\/uploads\/2022\/12\/logo_wellness_bodhina.png","contentUrl":"https:\/\/bodhina.com\/wp-content\/uploads\/2022\/12\/logo_wellness_bodhina.png","width":1799,"height":874,"caption":"Wellness Bodhina"},"image":{"@id":"https:\/\/bodhina.com\/es\/#\/schema\/logo\/image\/"},"sameAs":["https:\/\/www.facebook.com\/casabodhimarbella","https:\/\/www.instagram.com\/casabodhi_marbella\/"]}]}},"_links":{"self":[{"href":"https:\/\/bodhina.com\/es\/wp-json\/wp\/v2\/pages\/513","targetHints":{"allow":["GET"]}}],"collection":[{"href":"https:\/\/bodhina.com\/es\/wp-json\/wp\/v2\/pages"}],"about":[{"href":"https:\/\/bodhina.com\/es\/wp-json\/wp\/v2\/types\/page"}],"author":[{"embeddable":true,"href":"https:\/\/bodhina.com\/es\/wp-json\/wp\/v2\/users\/1"}],"replies":[{"embeddable":true,"href":"https:\/\/bodhina.com\/es\/wp-json\/wp\/v2\/comments?post=513"}],"version-history":[{"count":1,"href":"https:\/\/bodhina.com\/es\/wp-json\/wp\/v2\/pages\/513\/revisions"}],"predecessor-version":[{"id":514,"href":"https:\/\/bodhina.com\/es\/wp-json\/wp\/v2\/pages\/513\/revisions\/514"}],"wp:attachment":[{"href":"https:\/\/bodhina.com\/es\/wp-json\/wp\/v2\/media?parent=513"}],"curies":[{"name":"wp","href":"https:\/\/api.w.org\/{rel}","templated":true}]}}