{"id":515,"date":"2023-01-20T05:56:13","date_gmt":"2023-01-20T05:56:13","guid":{"rendered":"https:\/\/bodhina.com\/normas-de-la-casa\/"},"modified":"2023-04-24T06:11:08","modified_gmt":"2023-04-24T06:11:08","slug":"normas-de-la-casa","status":"publish","type":"page","link":"https:\/\/bodhina.com\/es\/normas-de-la-casa\/","title":{"rendered":"Normas de la casa"},"content":{"rendered":"\t\t<div data-elementor-type=\"wp-page\" data-elementor-id=\"515\" class=\"elementor elementor-515 elementor-54\" data-elementor-post-type=\"page\">\n\t\t\t\t\t\t<section class=\"elementor-section elementor-top-section elementor-element elementor-element-baf5d62 elementor-section-height-min-height elementor-section-boxed elementor-section-height-default elementor-section-items-middle\" data-id=\"baf5d62\" data-element_type=\"section\" data-e-type=\"section\" data-settings=\"{&quot;background_background&quot;:&quot;classic&quot;,&quot;jet_parallax_layout_list&quot;:[]}\">\n\t\t\t\t\t\t\t<div class=\"elementor-background-overlay\"><\/div>\n\t\t\t\t\t\t\t<div class=\"elementor-container elementor-column-gap-default\">\n\t\t\t\t\t<div class=\"elementor-column elementor-col-100 elementor-top-column elementor-element elementor-element-140892f\" data-id=\"140892f\" data-element_type=\"column\" data-e-type=\"column\">\n\t\t\t<div class=\"elementor-widget-wrap elementor-element-populated\">\n\t\t\t\t\t\t<div class=\"elementor-element elementor-element-dc5068e elementor-invisible elementor-widget elementor-widget-heading\" data-id=\"dc5068e\" data-element_type=\"widget\" data-e-type=\"widget\" data-settings=\"{&quot;_animation&quot;:&quot;fadeInDown&quot;}\" data-widget_type=\"heading.default\">\n\t\t\t\t<div class=\"elementor-widget-container\">\n\t\t\t\t\t<span class=\"elementor-heading-title elementor-size-default\">Wellness Bodhina<\/span>\t\t\t\t<\/div>\n\t\t\t\t<\/div>\n\t\t\t\t<div class=\"elementor-element elementor-element-c7ce6a1 animated-slow elementor-invisible elementor-widget elementor-widget-heading\" data-id=\"c7ce6a1\" data-element_type=\"widget\" data-e-type=\"widget\" data-settings=\"{&quot;_animation&quot;:&quot;fadeIn&quot;,&quot;_animation_delay&quot;:300}\" data-widget_type=\"heading.default\">\n\t\t\t\t<div class=\"elementor-widget-container\">\n\t\t\t\t\t<h1 class=\"elementor-heading-title elementor-size-default\">Normas de la casa<\/h1>\t\t\t\t<\/div>\n\t\t\t\t<\/div>\n\t\t\t\t\t<\/div>\n\t\t<\/div>\n\t\t\t\t\t<\/div>\n\t\t<\/section>\n\t\t\t\t<section class=\"elementor-section elementor-top-section elementor-element elementor-element-5c87113 elementor-reverse-mobile elementor-reverse-tablet elementor-section-boxed elementor-section-height-default elementor-section-height-default elementor-invisible\" data-id=\"5c87113\" data-element_type=\"section\" data-e-type=\"section\" data-settings=\"{&quot;background_background&quot;:&quot;classic&quot;,&quot;animation&quot;:&quot;fadeIn&quot;,&quot;animation_delay&quot;:300,&quot;jet_parallax_layout_list&quot;:[]}\">\n\t\t\t\t\t\t\t<div class=\"elementor-background-overlay\"><\/div>\n\t\t\t\t\t\t\t<div class=\"elementor-container elementor-column-gap-default\">\n\t\t\t\t\t<div class=\"elementor-column elementor-col-50 elementor-top-column elementor-element elementor-element-76ac2a5\" data-id=\"76ac2a5\" data-element_type=\"column\" data-e-type=\"column\">\n\t\t\t<div class=\"elementor-widget-wrap elementor-element-populated\">\n\t\t\t\t\t\t<div class=\"elementor-element elementor-element-1abb3c6 elementor-widget elementor-widget-image\" data-id=\"1abb3c6\" data-element_type=\"widget\" data-e-type=\"widget\" data-widget_type=\"image.default\">\n\t\t\t\t<div class=\"elementor-widget-container\">\n\t\t\t\t\t\t\t\t\t\t\t\t\t\t\t<img fetchpriority=\"high\" decoding=\"async\" width=\"800\" height=\"534\" src=\"https:\/\/bodhina.com\/wp-content\/uploads\/2023\/01\/Bodyna-Wellness-2-1024x683.jpg\" class=\"attachment-large size-large wp-image-487\" alt=\"\" srcset=\"https:\/\/bodhina.com\/wp-content\/uploads\/2023\/01\/Bodyna-Wellness-2-1024x683.jpg 1024w, https:\/\/bodhina.com\/wp-content\/uploads\/2023\/01\/Bodyna-Wellness-2-600x400.jpg 600w, https:\/\/bodhina.com\/wp-content\/uploads\/2023\/01\/Bodyna-Wellness-2-300x200.jpg 300w, https:\/\/bodhina.com\/wp-content\/uploads\/2023\/01\/Bodyna-Wellness-2-768x512.jpg 768w, https:\/\/bodhina.com\/wp-content\/uploads\/2023\/01\/Bodyna-Wellness-2-1536x1024.jpg 1536w, https:\/\/bodhina.com\/wp-content\/uploads\/2023\/01\/Bodyna-Wellness-2.jpg 1800w\" sizes=\"(max-width: 800px) 100vw, 800px\" \/>\t\t\t\t\t\t\t\t\t\t\t\t\t\t\t<\/div>\n\t\t\t\t<\/div>\n\t\t\t\t\t<\/div>\n\t\t<\/div>\n\t\t\t\t<div class=\"elementor-column elementor-col-50 elementor-top-column elementor-element elementor-element-3a7582a\" data-id=\"3a7582a\" data-element_type=\"column\" data-e-type=\"column\">\n\t\t\t<div class=\"elementor-widget-wrap elementor-element-populated\">\n\t\t\t\t\t\t<div class=\"elementor-element elementor-element-55c65f3 elementor-icon-list--layout-traditional elementor-list-item-link-full_width elementor-widget elementor-widget-icon-list\" data-id=\"55c65f3\" data-element_type=\"widget\" data-e-type=\"widget\" data-widget_type=\"icon-list.default\">\n\t\t\t\t<div class=\"elementor-widget-container\">\n\t\t\t\t\t\t\t<ul class=\"elementor-icon-list-items\">\n\t\t\t\t\t\t\t<li class=\"elementor-icon-list-item\">\n\t\t\t\t\t\t\t\t\t\t<span class=\"elementor-icon-list-text\">Antes de utilizar la sauna, d\u00fachese.<\/span>\n\t\t\t\t\t\t\t\t\t<\/li>\n\t\t\t\t\t\t\t\t<li class=\"elementor-icon-list-item\">\n\t\t\t\t\t\t\t\t\t\t<span class=\"elementor-icon-list-text\">Por razones de higiene, le rogamos que coloque una toalla grande en las saunas y en los muebles de relajaci\u00f3n. Puede traer sus propias toallas o alquilarlas en el mostrador, as\u00ed como albornoces.<\/span>\n\t\t\t\t\t\t\t\t\t<\/li>\n\t\t\t\t\t\t\t\t<li class=\"elementor-icon-list-item\">\n\t\t\t\t\t\t\t\t\t\t<span class=\"elementor-icon-list-text\">Los ba\u00f1adores, trajes de ba\u00f1o o bikinis no est\u00e1n permitidos en la zona wellness por razones higi\u00e9nicas.<\/span>\n\t\t\t\t\t\t\t\t\t<\/li>\n\t\t\t\t\t\t\t\t<li class=\"elementor-icon-list-item\">\n\t\t\t\t\t\t\t\t\t\t<span class=\"elementor-icon-list-text\">Por razones de seguridad, es obligatorio llevar zapatillas. Si no tiene podr\u00e1 adquirirlas en el mostrador de recepci\u00f3n.<\/span>\n\t\t\t\t\t\t\t\t\t<\/li>\n\t\t\t\t\t\t\t\t<li class=\"elementor-icon-list-item\">\n\t\t\t\t\t\t\t\t\t\t<span class=\"elementor-icon-list-text\">Est\u00e1 prohibido saltar en el jacuzzi<\/span>\n\t\t\t\t\t\t\t\t\t<\/li>\n\t\t\t\t\t\t\t\t<li class=\"elementor-icon-list-item\">\n\t\t\t\t\t\t\t\t\t\t<span class=\"elementor-icon-list-text\">Est\u00e1 prohibido introducir sus propios productos en las instalaciones.<\/span>\n\t\t\t\t\t\t\t\t\t<\/li>\n\t\t\t\t\t\t\t\t<li class=\"elementor-icon-list-item\">\n\t\t\t\t\t\t\t\t\t\t<span class=\"elementor-icon-list-text\">Est\u00e1 prohibido traer sus propias bebidas o comida.<\/span>\n\t\t\t\t\t\t\t\t\t<\/li>\n\t\t\t\t\t\t\t\t<li class=\"elementor-icon-list-item\">\n\t\t\t\t\t\t\t\t\t\t<span class=\"elementor-icon-list-text\">No se admiten ni\u00f1os en el wellness menores de 18 a\u00f1os.<\/span>\n\t\t\t\t\t\t\t\t\t<\/li>\n\t\t\t\t\t\t\t\t<li class=\"elementor-icon-list-item\">\n\t\t\t\t\t\t\t\t\t\t<span class=\"elementor-icon-list-text\">El cliente debe tener en cuenta los horarios reservados.<\/span>\n\t\t\t\t\t\t\t\t\t<\/li>\n\t\t\t\t\t\t\t\t<li class=\"elementor-icon-list-item\">\n\t\t\t\t\t\t\t\t\t\t<span class=\"elementor-icon-list-text\">Por razones de seguridad, hay c\u00e1maras.<\/span>\n\t\t\t\t\t\t\t\t\t<\/li>\n\t\t\t\t\t\t<\/ul>\n\t\t\t\t\t\t<\/div>\n\t\t\t\t<\/div>\n\t\t\t\t\t<\/div>\n\t\t<\/div>\n\t\t\t\t\t<\/div>\n\t\t<\/section>\n\t\t\t\t<section class=\"elementor-section elementor-top-section elementor-element elementor-element-b9c5117 elementor-section-boxed elementor-section-height-default elementor-section-height-default\" data-id=\"b9c5117\" data-element_type=\"section\" data-e-type=\"section\" data-settings=\"{&quot;jet_parallax_layout_list&quot;:[]}\">\n\t\t\t\t\t\t<div class=\"elementor-container elementor-column-gap-default\">\n\t\t\t\t\t<div class=\"elementor-column elementor-col-50 elementor-top-column elementor-element elementor-element-21ad2a5\" data-id=\"21ad2a5\" data-element_type=\"column\" data-e-type=\"column\">\n\t\t\t<div class=\"elementor-widget-wrap elementor-element-populated\">\n\t\t\t\t\t\t<div class=\"elementor-element elementor-element-f90c398 elementor-widget elementor-widget-text-editor\" data-id=\"f90c398\" data-element_type=\"widget\" data-e-type=\"widget\" data-widget_type=\"text-editor.default\">\n\t\t\t\t<div class=\"elementor-widget-container\">\n\t\t\t\t\t\t\t\t\t<p>La hora de finalizaci\u00f3n de su reserva no ser\u00e1 modificada en caso de llegar tarde, para que los siguientes clientes tambi\u00e9n puedan entrar a tiempo en el Wellness y para que tengamos tiempo<\/p>\n<p>&nbsp;<\/p>\n<p>&nbsp;<\/p>\n<p>&nbsp;<\/p>\n<p>&nbsp;<\/p>\n<p>&nbsp;<\/p>\n<p>para limpiarlo todo. Al hacer una reserva, el cliente se compromete a respetar la hora de finalizaci\u00f3n y a abandonar las instalaciones puntualmente a esa hora.<\/p>\n<p><strong>Cobramos un extra de 15,00 euros por cada 10 minutos que no se respete esta norma.<\/strong><\/p>\n\t\t\t\t\t\t\t\t<\/div>\n\t\t\t\t<\/div>\n\t\t\t\t<div class=\"elementor-element elementor-element-21fed17 elementor-icon-list--layout-traditional elementor-list-item-link-full_width elementor-widget elementor-widget-icon-list\" data-id=\"21fed17\" data-element_type=\"widget\" data-e-type=\"widget\" data-widget_type=\"icon-list.default\">\n\t\t\t\t<div class=\"elementor-widget-container\">\n\t\t\t\t\t\t\t<ul class=\"elementor-icon-list-items\">\n\t\t\t\t\t\t\t<li class=\"elementor-icon-list-item\">\n\t\t\t\t\t\t\t\t\t\t<span class=\"elementor-icon-list-text\">Las citas pueden cancelarse hasta 48 horas antes de la reserva efectuada. Si se cancela dentro de las 48 horas, el alquiler deber\u00e1 abonarse en su totalidad.<\/span>\n\t\t\t\t\t\t\t\t\t<\/li>\n\t\t\t\t\t\t\t\t<li class=\"elementor-icon-list-item\">\n\t\t\t\t\t\t\t\t\t\t<span class=\"elementor-icon-list-text\">Los pagos por adelantado nunca se reembolsan. Si se cancela a tiempo (con al menos 48 horas de antelaci\u00f3n), el dep\u00f3sito sigue siendo v\u00e1lido para una pr\u00f3xima reserva. Si no se cancela a tiempo, se pierde el dep\u00f3sito.<\/span>\n\t\t\t\t\t\t\t\t\t<\/li>\n\t\t\t\t\t\t\t\t<li class=\"elementor-icon-list-item\">\n\t\t\t\t\t\t\t\t\t\t<span class=\"elementor-icon-list-text\">Est\u00e1 prohibido fumar en el Wellness, s\u00f3lo fuera en la terraza.<\/span>\n\t\t\t\t\t\t\t\t\t<\/li>\n\t\t\t\t\t\t\t\t<li class=\"elementor-icon-list-item\">\n\t\t\t\t\t\t\t\t\t\t<span class=\"elementor-icon-list-text\">Cuando un cliente da\u00f1a o roba objetos del Wellness, est\u00e1 obligado a pagar por ellos.<\/span>\n\t\t\t\t\t\t\t\t\t<\/li>\n\t\t\t\t\t\t\t\t<li class=\"elementor-icon-list-item\">\n\t\t\t\t\t\t\t\t\t\t<span class=\"elementor-icon-list-text\">El Wellness Bodhina no se hace responsable de ning\u00fan da\u00f1o f\u00edsico o material.<\/span>\n\t\t\t\t\t\t\t\t\t<\/li>\n\t\t\t\t\t\t<\/ul>\n\t\t\t\t\t\t<\/div>\n\t\t\t\t<\/div>\n\t\t\t\t\t<\/div>\n\t\t<\/div>\n\t\t\t\t<div class=\"elementor-column elementor-col-50 elementor-top-column elementor-element elementor-element-cc51f1f\" data-id=\"cc51f1f\" data-element_type=\"column\" data-e-type=\"column\">\n\t\t\t<div class=\"elementor-widget-wrap elementor-element-populated\">\n\t\t\t\t\t\t<div class=\"elementor-element elementor-element-4fe6d29 elementor-widget elementor-widget-image\" data-id=\"4fe6d29\" data-element_type=\"widget\" data-e-type=\"widget\" data-widget_type=\"image.default\">\n\t\t\t\t<div class=\"elementor-widget-container\">\n\t\t\t\t\t\t\t\t\t\t\t\t\t\t\t<img decoding=\"async\" width=\"800\" height=\"534\" src=\"https:\/\/bodhina.com\/wp-content\/uploads\/2023\/01\/Bodyna-Wellness-sauna-5-1024x683.jpg\" class=\"attachment-large size-large wp-image-498\" alt=\"\" srcset=\"https:\/\/bodhina.com\/wp-content\/uploads\/2023\/01\/Bodyna-Wellness-sauna-5-1024x683.jpg 1024w, https:\/\/bodhina.com\/wp-content\/uploads\/2023\/01\/Bodyna-Wellness-sauna-5-600x400.jpg 600w, https:\/\/bodhina.com\/wp-content\/uploads\/2023\/01\/Bodyna-Wellness-sauna-5-300x200.jpg 300w, https:\/\/bodhina.com\/wp-content\/uploads\/2023\/01\/Bodyna-Wellness-sauna-5-768x512.jpg 768w, https:\/\/bodhina.com\/wp-content\/uploads\/2023\/01\/Bodyna-Wellness-sauna-5-1536x1024.jpg 1536w, https:\/\/bodhina.com\/wp-content\/uploads\/2023\/01\/Bodyna-Wellness-sauna-5.jpg 1800w\" sizes=\"(max-width: 800px) 100vw, 800px\" \/>\t\t\t\t\t\t\t\t\t\t\t\t\t\t\t<\/div>\n\t\t\t\t<\/div>\n\t\t\t\t\t<\/div>\n\t\t<\/div>\n\t\t\t\t\t<\/div>\n\t\t<\/section>\n\t\t\t\t<\/div>\n\t\t","protected":false},"excerpt":{"rendered":"<p>Wellness Bodhina Normas de la casa Antes de utilizar la sauna, d\u00fachese. Por razones de higiene, le rogamos que coloque una toalla grande en las saunas y en los muebles de relajaci\u00f3n. Puede traer sus propias toallas o alquilarlas en el mostrador, as\u00ed como albornoces. Los ba\u00f1adores, trajes de ba\u00f1o o bikinis no est\u00e1n permitidos [&hellip;]<\/p>\n","protected":false},"author":1,"featured_media":0,"parent":0,"menu_order":0,"comment_status":"closed","ping_status":"closed","template":"","meta":{"footnotes":""},"class_list":["post-515","page","type-page","status-publish","hentry"],"yoast_head":"<!-- This site is optimized with the Yoast SEO plugin v26.9 - https:\/\/yoast.com\/product\/yoast-seo-wordpress\/ -->\n<title>Normas de la casa - Wellness Bodhina<\/title>\n<meta name=\"description\" content=\"Stap uit het bruisende Marbella en begeef je in de serene setting van de Wellness Bodhina, waar je in een korte tijd volledig tot rust komt.\" \/>\n<meta name=\"robots\" content=\"index, follow, max-snippet:-1, max-image-preview:large, max-video-preview:-1\" \/>\n<link rel=\"canonical\" href=\"https:\/\/bodhina.com\/es\/normas-de-la-casa\/\" \/>\n<meta property=\"og:locale\" content=\"es_ES\" \/>\n<meta property=\"og:type\" content=\"article\" \/>\n<meta property=\"og:title\" content=\"Normas de la casa - Wellness Bodhina\" \/>\n<meta property=\"og:description\" content=\"Stap uit het bruisende Marbella en begeef je in de serene setting van de Wellness Bodhina, waar je in een korte tijd volledig tot rust komt.\" \/>\n<meta property=\"og:url\" content=\"https:\/\/bodhina.com\/es\/normas-de-la-casa\/\" \/>\n<meta property=\"og:site_name\" content=\"Wellness Bodhina\" \/>\n<meta property=\"article:publisher\" content=\"https:\/\/www.facebook.com\/casabodhimarbella\" \/>\n<meta property=\"article:modified_time\" content=\"2023-04-24T06:11:08+00:00\" \/>\n<meta property=\"og:image\" content=\"https:\/\/bodhina.com\/wp-content\/uploads\/2023\/01\/Bodyna-Wellness-2-1024x683.jpg\" \/>\n<meta name=\"twitter:card\" content=\"summary_large_image\" \/>\n<meta name=\"twitter:label1\" content=\"Tiempo de lectura\" \/>\n\t<meta name=\"twitter:data1\" content=\"2 minutos\" \/>\n<script type=\"application\/ld+json\" class=\"yoast-schema-graph\">{\"@context\":\"https:\/\/schema.org\",\"@graph\":[{\"@type\":\"WebPage\",\"@id\":\"https:\/\/bodhina.com\/es\/normas-de-la-casa\/\",\"url\":\"https:\/\/bodhina.com\/es\/normas-de-la-casa\/\",\"name\":\"Normas de la casa - Wellness Bodhina\",\"isPartOf\":{\"@id\":\"https:\/\/bodhina.com\/es\/#website\"},\"primaryImageOfPage\":{\"@id\":\"https:\/\/bodhina.com\/es\/normas-de-la-casa\/#primaryimage\"},\"image\":{\"@id\":\"https:\/\/bodhina.com\/es\/normas-de-la-casa\/#primaryimage\"},\"thumbnailUrl\":\"https:\/\/bodhina.com\/wp-content\/uploads\/2023\/01\/Bodyna-Wellness-2-1024x683.jpg\",\"datePublished\":\"2023-01-20T05:56:13+00:00\",\"dateModified\":\"2023-04-24T06:11:08+00:00\",\"description\":\"Stap uit het bruisende Marbella en begeef je in de serene setting van de Wellness Bodhina, waar je in een korte tijd volledig tot rust komt.\",\"breadcrumb\":{\"@id\":\"https:\/\/bodhina.com\/es\/normas-de-la-casa\/#breadcrumb\"},\"inLanguage\":\"es\",\"potentialAction\":[{\"@type\":\"ReadAction\",\"target\":[\"https:\/\/bodhina.com\/es\/normas-de-la-casa\/\"]}]},{\"@type\":\"ImageObject\",\"inLanguage\":\"es\",\"@id\":\"https:\/\/bodhina.com\/es\/normas-de-la-casa\/#primaryimage\",\"url\":\"https:\/\/bodhina.com\/wp-content\/uploads\/2023\/01\/Bodyna-Wellness-2-1024x683.jpg\",\"contentUrl\":\"https:\/\/bodhina.com\/wp-content\/uploads\/2023\/01\/Bodyna-Wellness-2-1024x683.jpg\"},{\"@type\":\"BreadcrumbList\",\"@id\":\"https:\/\/bodhina.com\/es\/normas-de-la-casa\/#breadcrumb\",\"itemListElement\":[{\"@type\":\"ListItem\",\"position\":1,\"name\":\"Home\",\"item\":\"https:\/\/bodhina.com\/es\/\"},{\"@type\":\"ListItem\",\"position\":2,\"name\":\"Normas de la casa\"}]},{\"@type\":\"WebSite\",\"@id\":\"https:\/\/bodhina.com\/es\/#website\",\"url\":\"https:\/\/bodhina.com\/es\/\",\"name\":\"Wellness Bodhina\",\"description\":\"En nog een WordPress website\",\"publisher\":{\"@id\":\"https:\/\/bodhina.com\/es\/#organization\"},\"potentialAction\":[{\"@type\":\"SearchAction\",\"target\":{\"@type\":\"EntryPoint\",\"urlTemplate\":\"https:\/\/bodhina.com\/es\/?s={search_term_string}\"},\"query-input\":{\"@type\":\"PropertyValueSpecification\",\"valueRequired\":true,\"valueName\":\"search_term_string\"}}],\"inLanguage\":\"es\"},{\"@type\":\"Organization\",\"@id\":\"https:\/\/bodhina.com\/es\/#organization\",\"name\":\"Wellness Bodhina\",\"url\":\"https:\/\/bodhina.com\/es\/\",\"logo\":{\"@type\":\"ImageObject\",\"inLanguage\":\"es\",\"@id\":\"https:\/\/bodhina.com\/es\/#\/schema\/logo\/image\/\",\"url\":\"https:\/\/bodhina.com\/wp-content\/uploads\/2022\/12\/logo_wellness_bodhina.png\",\"contentUrl\":\"https:\/\/bodhina.com\/wp-content\/uploads\/2022\/12\/logo_wellness_bodhina.png\",\"width\":1799,\"height\":874,\"caption\":\"Wellness Bodhina\"},\"image\":{\"@id\":\"https:\/\/bodhina.com\/es\/#\/schema\/logo\/image\/\"},\"sameAs\":[\"https:\/\/www.facebook.com\/casabodhimarbella\",\"https:\/\/www.instagram.com\/casabodhi_marbella\/\"]}]}<\/script>\n<!-- \/ Yoast SEO plugin. -->","yoast_head_json":{"title":"Normas de la casa - Wellness Bodhina","description":"Stap uit het bruisende Marbella en begeef je in de serene setting van de Wellness Bodhina, waar je in een korte tijd volledig tot rust komt.","robots":{"index":"index","follow":"follow","max-snippet":"max-snippet:-1","max-image-preview":"max-image-preview:large","max-video-preview":"max-video-preview:-1"},"canonical":"https:\/\/bodhina.com\/es\/normas-de-la-casa\/","og_locale":"es_ES","og_type":"article","og_title":"Normas de la casa - Wellness Bodhina","og_description":"Stap uit het bruisende Marbella en begeef je in de serene setting van de Wellness Bodhina, waar je in een korte tijd volledig tot rust komt.","og_url":"https:\/\/bodhina.com\/es\/normas-de-la-casa\/","og_site_name":"Wellness Bodhina","article_publisher":"https:\/\/www.facebook.com\/casabodhimarbella","article_modified_time":"2023-04-24T06:11:08+00:00","og_image":[{"url":"https:\/\/bodhina.com\/wp-content\/uploads\/2023\/01\/Bodyna-Wellness-2-1024x683.jpg","type":"","width":"","height":""}],"twitter_card":"summary_large_image","twitter_misc":{"Tiempo de lectura":"2 minutos"},"schema":{"@context":"https:\/\/schema.org","@graph":[{"@type":"WebPage","@id":"https:\/\/bodhina.com\/es\/normas-de-la-casa\/","url":"https:\/\/bodhina.com\/es\/normas-de-la-casa\/","name":"Normas de la casa - Wellness Bodhina","isPartOf":{"@id":"https:\/\/bodhina.com\/es\/#website"},"primaryImageOfPage":{"@id":"https:\/\/bodhina.com\/es\/normas-de-la-casa\/#primaryimage"},"image":{"@id":"https:\/\/bodhina.com\/es\/normas-de-la-casa\/#primaryimage"},"thumbnailUrl":"https:\/\/bodhina.com\/wp-content\/uploads\/2023\/01\/Bodyna-Wellness-2-1024x683.jpg","datePublished":"2023-01-20T05:56:13+00:00","dateModified":"2023-04-24T06:11:08+00:00","description":"Stap uit het bruisende Marbella en begeef je in de serene setting van de Wellness Bodhina, waar je in een korte tijd volledig tot rust komt.","breadcrumb":{"@id":"https:\/\/bodhina.com\/es\/normas-de-la-casa\/#breadcrumb"},"inLanguage":"es","potentialAction":[{"@type":"ReadAction","target":["https:\/\/bodhina.com\/es\/normas-de-la-casa\/"]}]},{"@type":"ImageObject","inLanguage":"es","@id":"https:\/\/bodhina.com\/es\/normas-de-la-casa\/#primaryimage","url":"https:\/\/bodhina.com\/wp-content\/uploads\/2023\/01\/Bodyna-Wellness-2-1024x683.jpg","contentUrl":"https:\/\/bodhina.com\/wp-content\/uploads\/2023\/01\/Bodyna-Wellness-2-1024x683.jpg"},{"@type":"BreadcrumbList","@id":"https:\/\/bodhina.com\/es\/normas-de-la-casa\/#breadcrumb","itemListElement":[{"@type":"ListItem","position":1,"name":"Home","item":"https:\/\/bodhina.com\/es\/"},{"@type":"ListItem","position":2,"name":"Normas de la casa"}]},{"@type":"WebSite","@id":"https:\/\/bodhina.com\/es\/#website","url":"https:\/\/bodhina.com\/es\/","name":"Wellness Bodhina","description":"En nog een WordPress website","publisher":{"@id":"https:\/\/bodhina.com\/es\/#organization"},"potentialAction":[{"@type":"SearchAction","target":{"@type":"EntryPoint","urlTemplate":"https:\/\/bodhina.com\/es\/?s={search_term_string}"},"query-input":{"@type":"PropertyValueSpecification","valueRequired":true,"valueName":"search_term_string"}}],"inLanguage":"es"},{"@type":"Organization","@id":"https:\/\/bodhina.com\/es\/#organization","name":"Wellness Bodhina","url":"https:\/\/bodhina.com\/es\/","logo":{"@type":"ImageObject","inLanguage":"es","@id":"https:\/\/bodhina.com\/es\/#\/schema\/logo\/image\/","url":"https:\/\/bodhina.com\/wp-content\/uploads\/2022\/12\/logo_wellness_bodhina.png","contentUrl":"https:\/\/bodhina.com\/wp-content\/uploads\/2022\/12\/logo_wellness_bodhina.png","width":1799,"height":874,"caption":"Wellness Bodhina"},"image":{"@id":"https:\/\/bodhina.com\/es\/#\/schema\/logo\/image\/"},"sameAs":["https:\/\/www.facebook.com\/casabodhimarbella","https:\/\/www.instagram.com\/casabodhi_marbella\/"]}]}},"_links":{"self":[{"href":"https:\/\/bodhina.com\/es\/wp-json\/wp\/v2\/pages\/515","targetHints":{"allow":["GET"]}}],"collection":[{"href":"https:\/\/bodhina.com\/es\/wp-json\/wp\/v2\/pages"}],"about":[{"href":"https:\/\/bodhina.com\/es\/wp-json\/wp\/v2\/types\/page"}],"author":[{"embeddable":true,"href":"https:\/\/bodhina.com\/es\/wp-json\/wp\/v2\/users\/1"}],"replies":[{"embeddable":true,"href":"https:\/\/bodhina.com\/es\/wp-json\/wp\/v2\/comments?post=515"}],"version-history":[{"count":1,"href":"https:\/\/bodhina.com\/es\/wp-json\/wp\/v2\/pages\/515\/revisions"}],"predecessor-version":[{"id":516,"href":"https:\/\/bodhina.com\/es\/wp-json\/wp\/v2\/pages\/515\/revisions\/516"}],"wp:attachment":[{"href":"https:\/\/bodhina.com\/es\/wp-json\/wp\/v2\/media?parent=515"}],"curies":[{"name":"wp","href":"https:\/\/api.w.org\/{rel}","templated":true}]}}